{"id":2,"date":"2024-03-22T12:31:13","date_gmt":"2024-03-22T12:31:13","guid":{"rendered":"http:\/\/blog.dgformacion.com\/?page_id=2"},"modified":"2024-07-26T09:35:54","modified_gmt":"2024-07-26T08:35:54","slug":"sample-page","status":"publish","type":"page","link":"https:\/\/blog.dgformacion.com\/?page_id=2","title":{"rendered":"Sobre nosotros"},"content":{"rendered":"\n<p><strong>Distribuidora Global de Formaci\u00f3n<\/strong>&nbsp;es una empresa de distribuci\u00f3n de servicios integrales y apoyo tecnol\u00f3gico a centros de formaci\u00f3n.<\/p>\n\n\n\n<h2 class=\"wp-block-heading has-text-color has-link-color wp-elements-87a0f4da48c05fc0c6b111c8c7dd7094\" style=\"color:#8bae35\">\u00bfQui\u00e9nes somos?<\/h2>\n\n\n\n<p>Porque a parte de ser l\u00edderes en la formaci\u00f3n a distancia, DGF es una familia compuesta por sus distintos equipos, trabajando al un\u00edsono para ofrecerte los mejores medios para tu formaci\u00f3n<strong>.<\/strong><\/p>\n\n\n\n<p><strong>NUESTRO EQUIPO<\/strong>:<\/p>\n\n\n\n<p>Queremos presentarte a algunos de nuestros expertos de soporte del <strong>Equipo T\u00e9cnico <\/strong>que te acompa\u00f1an en la formaci\u00f3n que impartes. Aquellos que te ayudan con los tickets, que resuelven tus incidencias, quienes te ofrecen soluciones ante nuevas necesidades&#8230;&nbsp;Estos son algunos de tus \u00e1ngeles. <\/p>\n\n\n<div class=\"wp-block-image\">\n<figure class=\"aligncenter size-large is-resized\"><img loading=\"lazy\" decoding=\"async\" width=\"1024\" height=\"341\" src=\"https:\/\/blog.dgformacion.com\/wp-content\/uploads\/2024\/05\/eqCompletoEDIT-1024x341.png\" alt=\"\" class=\"wp-image-184\" style=\"width:960px\" srcset=\"https:\/\/blog.dgformacion.com\/wp-content\/uploads\/2024\/05\/eqCompletoEDIT-1024x341.png 1024w, https:\/\/blog.dgformacion.com\/wp-content\/uploads\/2024\/05\/eqCompletoEDIT-300x100.png 300w, https:\/\/blog.dgformacion.com\/wp-content\/uploads\/2024\/05\/eqCompletoEDIT-768x256.png 768w, https:\/\/blog.dgformacion.com\/wp-content\/uploads\/2024\/05\/eqCompletoEDIT-1536x512.png 1536w, https:\/\/blog.dgformacion.com\/wp-content\/uploads\/2024\/05\/eqCompletoEDIT-2048x683.png 2048w\" sizes=\"(max-width: 1024px) 100vw, 1024px\" \/><\/figure><\/div>\n\n\n<p>Conoce a nuestro maravilloso <strong>Equipo de Personal Administrativo<\/strong>, el cual te presta asesoramiento en materias de gesti\u00f3n y administraci\u00f3n. Este equipo est\u00e1 siempre listo para ayudarte.<\/p>\n\n\n<div class=\"wp-block-image\">\n<figure class=\"aligncenter size-large is-resized\"><img loading=\"lazy\" decoding=\"async\" width=\"1024\" height=\"512\" src=\"https:\/\/blog.dgformacion.com\/wp-content\/uploads\/2024\/05\/MAILING-1024x512.png\" alt=\"\" class=\"wp-image-185\" style=\"width:960px\" srcset=\"https:\/\/blog.dgformacion.com\/wp-content\/uploads\/2024\/05\/MAILING-1024x512.png 1024w, https:\/\/blog.dgformacion.com\/wp-content\/uploads\/2024\/05\/MAILING-300x150.png 300w, https:\/\/blog.dgformacion.com\/wp-content\/uploads\/2024\/05\/MAILING-768x384.png 768w, https:\/\/blog.dgformacion.com\/wp-content\/uploads\/2024\/05\/MAILING.png 1080w\" sizes=\"(max-width: 1024px) 100vw, 1024px\" \/><\/figure><\/div>\n\n\n<p>Tambi\u00e9n queremos presentaros a nuestro maravilloso <strong>Equipo Comercial y de Marketing<\/strong>. Compuesto por Teresa Fernandez, Gema Granizo y Carmela de la Torre. Este equipazo es la cara sonriente de DGF. Te pueden sonar m\u00e1s sus caras porque han participado en muchos eventos y congresos, y su labor no pasa desapercibida. <\/p>\n\n\n<div class=\"wp-block-image\">\n<figure class=\"aligncenter size-large is-resized\"><img decoding=\"async\" src=\"https:\/\/blog.dgformacion.com\/wp-content\/uploads\/2024\/05\/uniPYME01-1-edited.png\" alt=\"\" class=\"wp-image-283\" style=\"width:960px\"\/><\/figure><\/div>\n\n\n<p>\u00a1Muchas gracias a tod@s en DGF!<\/p>\n\n\n\n<h2 class=\"wp-block-heading has-text-color has-link-color wp-elements-9777439fb994f76e72c7cc0050764899\" style=\"color:#8bae35\">\u00bfQu\u00e9 te ofrecemos?<\/h2>\n\n\n\n<p><strong>DGF <\/strong>se estructura como un enorme repositorio de <strong>contenidos formativos<\/strong> (digitales y en formato papel) y, por la otra, como un <strong>partner tecnol\u00f3gico de los centros de formaci\u00f3n<\/strong> ofreci\u00e9ndote <strong>plataformas <\/strong>virtuales de aprendizaje, <strong>hosting<\/strong>, <strong>asesor\u00eda t\u00e9cnica..<\/strong>. <\/p>\n\n\n\n<p>Todo ello en un entorno <strong>\u00fanico y centralizado<\/strong> para dar una respuesta r\u00e1pida y eficaz a tu centro de formaci\u00f3n. <\/p>\n\n\n\n<p>Para nosotros, las claves del \u00e9xito en la Formaci\u00f3n Digital est\u00e1n claras:<\/p>\n\n\n\n<p class=\"has-medium-font-size\">1- Contenido SCORM de alta calidad<br>2- Plataforma LMS y Hosting integrado<br>3- Un soporte t\u00e9cnico multidisciplinar<br>4- Asesoramiento profesional en la normativa y el marco jur\u00eddico<\/p>\n\n\n\n<p class=\"has-black-color has-text-color has-link-color has-medium-font-size wp-elements-41b42f00644fe9ad9dfd608cc183698c\">Echa un vistazo a <strong>TODO <\/strong>lo que se incluye en nuestra <strong>PLATAFORMA<\/strong>:<\/p>\n\n\n\n<div style=\"position:relative;overflow:hidden;padding-bottom:56.25%\"><iframe loading=\"lazy\" src=\"https:\/\/cdn.jwplayer.com\/players\/yDFGJzRr-dwQe3mgb.html\" width=\"100%\" height=\"100%\" frameborder=\"0\" scrolling=\"auto\" title=\"PLATAFORMAS_videoCorpDGF.mp4\" style=\"position:absolute;\" allowfullscreen><\/iframe><\/div>\n\n\n\n<p class=\"has-text-align-center has-white-color has-text-color has-background has-link-color wp-elements-f45b8ea474681cd36d00a170981c8edd\" style=\"background-color:#8bae35;font-size:28px\">\u00a1Y aqu\u00ed en DGF podemos ofrecerte esto y m\u00e1s!<\/p>\n\n\n<div class=\"wp-block-image\">\n<figure class=\"aligncenter size-large\"><img loading=\"lazy\" decoding=\"async\" width=\"1024\" height=\"285\" src=\"https:\/\/blog.dgformacion.com\/wp-content\/uploads\/2024\/05\/contenidos_plataforma_soporte_asesoramiento-1024x285.png\" alt=\"\" class=\"wp-image-191\" srcset=\"https:\/\/blog.dgformacion.com\/wp-content\/uploads\/2024\/05\/contenidos_plataforma_soporte_asesoramiento-1024x285.png 1024w, https:\/\/blog.dgformacion.com\/wp-content\/uploads\/2024\/05\/contenidos_plataforma_soporte_asesoramiento-300x84.png 300w, https:\/\/blog.dgformacion.com\/wp-content\/uploads\/2024\/05\/contenidos_plataforma_soporte_asesoramiento-768x214.png 768w, https:\/\/blog.dgformacion.com\/wp-content\/uploads\/2024\/05\/contenidos_plataforma_soporte_asesoramiento.png 1200w\" sizes=\"(max-width: 1024px) 100vw, 1024px\" \/><\/figure><\/div>","protected":false},"excerpt":{"rendered":"<p>Distribuidora Global de Formaci\u00f3n&nbsp;es una empresa de distribuci\u00f3n de servicios integrales y apoyo tecnol\u00f3gico a centros de formaci\u00f3n. \u00bfQui\u00e9nes somos? Porque a parte de ser l\u00edderes en la formaci\u00f3n a distancia, DGF es una familia compuesta por sus distintos equipos, trabajando al un\u00edsono para ofrecerte los mejores medios para tu formaci\u00f3n. NUESTRO EQUIPO: Queremos presentarte &hellip;<\/p>\n","protected":false},"author":1,"featured_media":0,"parent":0,"menu_order":0,"comment_status":"closed","ping_status":"open","template":"","meta":{"footnotes":""},"jetpack_sharing_enabled":true,"_links":{"self":[{"href":"https:\/\/blog.dgformacion.com\/index.php?rest_route=\/wp\/v2\/pages\/2"}],"collection":[{"href":"https:\/\/blog.dgformacion.com\/index.php?rest_route=\/wp\/v2\/pages"}],"about":[{"href":"https:\/\/blog.dgformacion.com\/index.php?rest_route=\/wp\/v2\/types\/page"}],"author":[{"embeddable":true,"href":"https:\/\/blog.dgformacion.com\/index.php?rest_route=\/wp\/v2\/users\/1"}],"replies":[{"embeddable":true,"href":"https:\/\/blog.dgformacion.com\/index.php?rest_route=%2Fwp%2Fv2%2Fcomments&post=2"}],"version-history":[{"count":33,"href":"https:\/\/blog.dgformacion.com\/index.php?rest_route=\/wp\/v2\/pages\/2\/revisions"}],"predecessor-version":[{"id":508,"href":"https:\/\/blog.dgformacion.com\/index.php?rest_route=\/wp\/v2\/pages\/2\/revisions\/508"}],"wp:attachment":[{"href":"https:\/\/blog.dgformacion.com\/index.php?rest_route=%2Fwp%2Fv2%2Fmedia&parent=2"}],"curies":[{"name":"wp","href":"https:\/\/api.w.org\/{rel}","templated":true}]}}