{"id":68,"date":"2024-04-12T11:43:35","date_gmt":"2024-04-12T10:43:35","guid":{"rendered":"https:\/\/blog.dgformacion.com\/?page_id=68"},"modified":"2025-03-25T13:07:25","modified_gmt":"2025-03-25T12:07:25","slug":"bienvenido-al-blog-de-distribuidora-global-de-formacion","status":"publish","type":"page","link":"https:\/\/blog.dgformacion.com\/","title":{"rendered":"\u00a1Bienvenido al Blog de Distribuidora Global de Formaci\u00f3n!  >  >  >  >"},"content":{"rendered":"\n<p>En este espacio podr\u00e1s encontrar las \u00faltimas novedades del sector de la formaci\u00f3n, asi como conocer mejor a nuestro equipo. Desde las \u00faltimas convocatorias de subvenciones publicadas hasta todos los eventos a los que hemos asistido, nuestros webinars, art\u00edculos de inter\u00e9s para la formaci\u00f3n&#8230;<\/p>\n\n\n\n<p class=\"has-text-align-center\"><strong>DGF Blog, un \u00fanico espacio para mantenerte actualizado en todo. <\/strong><\/p>\n\n\n<div class=\"wp-block-image\">\n<figure class=\"aligncenter size-large is-resized\"><img loading=\"lazy\" decoding=\"async\" width=\"1024\" height=\"179\" src=\"https:\/\/blog.dgformacion.com\/wp-content\/uploads\/2024\/04\/dgf_logo_ext-1024x179.png\" alt=\"\" class=\"wp-image-71\" style=\"width:658px;height:auto\" srcset=\"https:\/\/blog.dgformacion.com\/wp-content\/uploads\/2024\/04\/dgf_logo_ext-1024x179.png 1024w, https:\/\/blog.dgformacion.com\/wp-content\/uploads\/2024\/04\/dgf_logo_ext-300x52.png 300w, https:\/\/blog.dgformacion.com\/wp-content\/uploads\/2024\/04\/dgf_logo_ext-768x134.png 768w, https:\/\/blog.dgformacion.com\/wp-content\/uploads\/2024\/04\/dgf_logo_ext-1536x268.png 1536w, https:\/\/blog.dgformacion.com\/wp-content\/uploads\/2024\/04\/dgf_logo_ext.png 1684w\" sizes=\"(max-width: 1024px) 100vw, 1024px\" \/><\/figure><\/div>\n\n\n<div><center><iframe loading=\"lazy\" width=\"768\" height=\"432\" style=\"display: block; margin-left: auto; margin-right: auto;\" src=\"https:\/\/cdn.jwplayer.com\/players\/6VfSkLWg-dwQe3mgb.html\" frameborder=\"0\" scrolling=\"auto\" title=\"dgf_videoCorp2025\" allowfullscreen=\"\"><\/iframe><\/center><\/div>\n\n\n<div class=\"wp-block-image\">\n<figure class=\"aligncenter size-large is-resized\"><img loading=\"lazy\" decoding=\"async\" width=\"1024\" height=\"285\" src=\"https:\/\/blog.dgformacion.com\/wp-content\/uploads\/2024\/04\/4iconsNuevo2024-1024x285.png\" alt=\"\" class=\"wp-image-145\" style=\"width:586px;height:auto\" srcset=\"https:\/\/blog.dgformacion.com\/wp-content\/uploads\/2024\/04\/4iconsNuevo2024-1024x285.png 1024w, https:\/\/blog.dgformacion.com\/wp-content\/uploads\/2024\/04\/4iconsNuevo2024-300x84.png 300w, https:\/\/blog.dgformacion.com\/wp-content\/uploads\/2024\/04\/4iconsNuevo2024-768x214.png 768w, https:\/\/blog.dgformacion.com\/wp-content\/uploads\/2024\/04\/4iconsNuevo2024.png 1200w\" sizes=\"(max-width: 1024px) 100vw, 1024px\" \/><\/figure><\/div>\n\n\n<hr class=\"wp-block-separator has-alpha-channel-opacity is-style-wide\"\/>\n\n\n\n<p style=\"font-size:28px\">\u00daltimas entradas<\/p>\n\n\n<ul class=\"wp-block-latest-posts__list wp-block-latest-posts\"><li><a class=\"wp-block-latest-posts__post-title\" href=\"https:\/\/blog.dgformacion.com\/?p=1567\">Castilla y Le\u00f3n lanza ayudas 2026\u20132027 para la formaci\u00f3n en transformaci\u00f3n digital, competencias digitales y ciberseguridad<\/a><\/li>\n<li><a class=\"wp-block-latest-posts__post-title\" href=\"https:\/\/blog.dgformacion.com\/?p=1562\">Castilla y Le\u00f3n abre la convocatoria 2026\u20132027 de subvenciones para financiar programas de formaci\u00f3n de trabajadores ocupados<\/a><\/li>\n<li><a class=\"wp-block-latest-posts__post-title\" href=\"https:\/\/blog.dgformacion.com\/?p=1556\">Subvenciones para planes de formaci\u00f3n en entidades locales de Galicia 2026: clave para impulsar el talento p\u00fablico<\/a><\/li>\n<li><a class=\"wp-block-latest-posts__post-title\" href=\"https:\/\/blog.dgformacion.com\/?p=1544\">Subvenciones destinadas a la realizaci\u00f3n de proyectos de formaci\u00f3n para personas trabajadoras desempleadas en el \u00e1mbito de la Comunidad Aut\u00f3noma de la Regi\u00f3n de Murcia para 2026 (EDUCACI\u00d3N)<\/a><\/li>\n<li><a class=\"wp-block-latest-posts__post-title\" href=\"https:\/\/blog.dgformacion.com\/?p=1535\">Subvenciones para proyectos de formaci\u00f3n dirigidos a personas desempleadas &#8211; Murcia 2026<\/a><\/li>\n<\/ul>\n\n\n<hr class=\"wp-block-separator has-alpha-channel-opacity is-style-wide\"\/>\n\n\n\n<p class=\"has-white-color has-text-color has-background has-link-color wp-elements-ca76e3433bd28658c97cdae8b610ccfd\" style=\"background-color:#8bae35\">Y para m\u00e1s contenido, \u00a1suscr\u00edbete a nuestra Newsletter pinchando en <a href=\"https:\/\/dgformacion.com\/suscribete\/\" data-type=\"link\" data-id=\"https:\/\/dgformacion.com\/suscribete\/\" target=\"_blank\" rel=\"noreferrer noopener\">este enlace<\/a>!<\/p>\n","protected":false},"excerpt":{"rendered":"<p>En este espacio podr\u00e1s encontrar las \u00faltimas novedades del sector de la formaci\u00f3n, asi como conocer mejor a nuestro equipo. Desde las \u00faltimas convocatorias de subvenciones publicadas hasta todos los eventos a los que hemos asistido, nuestros webinars, art\u00edculos de inter\u00e9s para la formaci\u00f3n&#8230; DGF Blog, un \u00fanico espacio para mantenerte actualizado en todo. \u00daltimas &hellip;<\/p>\n","protected":false},"author":2,"featured_media":0,"parent":0,"menu_order":0,"comment_status":"closed","ping_status":"closed","template":"","meta":{"footnotes":""},"jetpack_sharing_enabled":true,"_links":{"self":[{"href":"https:\/\/blog.dgformacion.com\/index.php?rest_route=\/wp\/v2\/pages\/68"}],"collection":[{"href":"https:\/\/blog.dgformacion.com\/index.php?rest_route=\/wp\/v2\/pages"}],"about":[{"href":"https:\/\/blog.dgformacion.com\/index.php?rest_route=\/wp\/v2\/types\/page"}],"author":[{"embeddable":true,"href":"https:\/\/blog.dgformacion.com\/index.php?rest_route=\/wp\/v2\/users\/2"}],"replies":[{"embeddable":true,"href":"https:\/\/blog.dgformacion.com\/index.php?rest_route=%2Fwp%2Fv2%2Fcomments&post=68"}],"version-history":[{"count":59,"href":"https:\/\/blog.dgformacion.com\/index.php?rest_route=\/wp\/v2\/pages\/68\/revisions"}],"predecessor-version":[{"id":811,"href":"https:\/\/blog.dgformacion.com\/index.php?rest_route=\/wp\/v2\/pages\/68\/revisions\/811"}],"wp:attachment":[{"href":"https:\/\/blog.dgformacion.com\/index.php?rest_route=%2Fwp%2Fv2%2Fmedia&parent=68"}],"curies":[{"name":"wp","href":"https:\/\/api.w.org\/{rel}","templated":true}]}}